{"id":29,"date":"2023-02-08T18:02:31","date_gmt":"2023-02-08T17:02:31","guid":{"rendered":"http:\/\/otto-voice.com\/?page_id=29"},"modified":"2023-02-27T08:29:39","modified_gmt":"2023-02-27T07:29:39","slug":"hogyan","status":"publish","type":"page","link":"https:\/\/otto-voice.com\/hu\/hogyan\/","title":{"rendered":"Hogyan csin\u00e1ljam"},"content":{"rendered":"\t\t<div data-elementor-type=\"wp-page\" data-elementor-id=\"29\" class=\"elementor elementor-29\">\n\t\t\t\t\t\t\t<div class=\"elementor-element elementor-element-8d3d6de e-con-boxed e-con\" data-id=\"8d3d6de\" data-element_type=\"container\" data-settings=\"{&quot;content_width&quot;:&quot;boxed&quot;}\">\n\t\t\t\t\t<div class=\"e-con-inner\">\n\t\t<div class=\"elementor-element elementor-element-9bf0b21 e-con-full e-con\" data-id=\"9bf0b21\" data-element_type=\"container\" data-settings=\"{&quot;content_width&quot;:&quot;full&quot;}\">\n\t\t\t\t<div class=\"elementor-element elementor-element-2b54ca2 elementor-widget elementor-widget-heading\" data-id=\"2b54ca2\" data-element_type=\"widget\" data-widget_type=\"heading.default\">\n\t\t\t\t<div class=\"elementor-widget-container\">\n\t\t\t<style>\/*! elementor - v3.12.0 - 29-03-2023 *\/\n.elementor-heading-title{padding:0;margin:0;line-height:1}.elementor-widget-heading .elementor-heading-title[class*=elementor-size-]>a{color:inherit;font-size:inherit;line-height:inherit}.elementor-widget-heading .elementor-heading-title.elementor-size-small{font-size:15px}.elementor-widget-heading .elementor-heading-title.elementor-size-medium{font-size:19px}.elementor-widget-heading .elementor-heading-title.elementor-size-large{font-size:29px}.elementor-widget-heading .elementor-heading-title.elementor-size-xl{font-size:39px}.elementor-widget-heading .elementor-heading-title.elementor-size-xxl{font-size:59px}<\/style><h1 class=\"elementor-heading-title elementor-size-default\">Hogyan csin\u00e1ld?<\/h1>\t\t<\/div>\n\t\t\t\t<\/div>\n\t\t\t\t<div class=\"elementor-element elementor-element-72a0880 elementor-widget elementor-widget-text-editor\" data-id=\"72a0880\" data-element_type=\"widget\" data-widget_type=\"text-editor.default\">\n\t\t\t\t<div class=\"elementor-widget-container\">\n\t\t\t<style>\/*! elementor - v3.12.0 - 29-03-2023 *\/\n.elementor-widget-text-editor.elementor-drop-cap-view-stacked .elementor-drop-cap{background-color:#69727d;color:#fff}.elementor-widget-text-editor.elementor-drop-cap-view-framed .elementor-drop-cap{color:#69727d;border:3px solid;background-color:transparent}.elementor-widget-text-editor:not(.elementor-drop-cap-view-default) .elementor-drop-cap{margin-top:8px}.elementor-widget-text-editor:not(.elementor-drop-cap-view-default) .elementor-drop-cap-letter{width:1em;height:1em}.elementor-widget-text-editor .elementor-drop-cap{float:left;text-align:center;line-height:1;font-size:50px}.elementor-widget-text-editor .elementor-drop-cap-letter{display:inline-block}<\/style>\t\t\t\t<p><span style=\"font-weight: 400;\">Sokat vagytok egy\u00fctt, \u00e9s ezekben az id\u0151ben f\u0151k\u00e9nt besz\u00e9lsz hozz\u00e1, vagy meg\u00e9rinted. Ez a k\u00e9t szeretetnyelv \u00e1ramlik k\u00f6ztetek. A besz\u00e9d sor\u00e1n a hangsz\u00edned \u00e9s a szavaid sokat mondanak neki arr\u00f3l, mekkora biztons\u00e1gban van, milyen ez a vil\u00e1g amiben \u00e9l, hogy \u00e9rzed magad Te \u00e9s milyen \u00e9lm\u00e9nyek v\u00e1rnak \u0150r\u00e1 a k\u00f6zeli j\u00f6v\u0151ben.<\/span><\/p><p>\u00a0<\/p><p><span style=\"font-weight: 400;\">B\u00e1rmikor, amikor komment\u00e1lod azt, amit \u00e9pp vele vagy \u00e9rte csin\u00e1lsz, vagy amire k\u00e9sz\u00fclsz, v\u00e1lassz olyan hangsz\u00ednt \u00e9s hangs\u00falyt, ami a term\u00e9szetes hanghordoz\u00e1sod r\u00e9sze. Ne v\u00e1ltoztasd el a hangod amikor hozz\u00e1 besz\u00e9lsz. Figyelj arra, hogy pontosan besz\u00e9lj, a k\u00f6z\u00f6s nyelvnek (amit te besz\u00e9lsz \u0151 pedig tanul), minden szab\u00e1ly\u00e1t \u00e9rv\u00e9nyes\u00edtsd m\u00e9g akkor is, ha \u00fagy \u00e9rzed, nem \u00e9rti m\u00e9g a gyermeked.<\/span><\/p><p>\u00a0<\/p><p><span style=\"font-weight: 400;\">A hangod neki r\u00e9gr\u0151l ismer\u0151s, felismeri az \u0151t k\u00f6zvetlen\u00fcl k\u00f6r\u00fclvev\u0151k hangj\u00e1t m\u00e9g az anyam\u00e9hb\u0151l, ahol a hangok rezg\u00e9s\u00e9t az eg\u00e9sz test\u00e9n \u00e9rezte, a magzatv\u00edz \u00e9s a magzatburok k\u00f6zvet\u00edt\u00e9s\u00e9vel. A m\u00e9hen bel\u00fcli \u00e9letb\u0151l ismer\u0151s tapasztalatok megnyugtat\u00f3ak sz\u00e1m\u00e1ra eg\u00e9szen 2-3 \u00e9ves kor\u00e1ig. Ezut\u00e1n m\u00e1r \u00faj \u00e9lm\u00e9nyek veszik \u00e1t a hely\u00e9t mindennek.<\/span><\/p><p>\u00a0<\/p><p><span style=\"font-weight: 400;\">Mindig figyelj arra, hogy ha hozz\u00e1 besz\u00e9lsz, t\u00f6bbnyire n\u00e9zz is r\u00e1 ha teheted. Ha \u00e9nekelsz, akkor t\u00f6rekedj arra, hogy olyan hanger\u0151vel \u00e9nekelj, ami nem b\u00e1ntja a hall\u00e1s\u00e1t de nem is olyan halk, hogy elvesszenek a szavak. Vond be az \u00e9nekbe, b\u00edztasd a folytat\u00e1sra \u00e9s ne zavartasd magad, ha b\u00e1rmi nem passzol kett\u0151t\u00f6k szinkronj\u00e1ban.\u00a0<\/span><\/p><p>\u00a0<\/p><p><span style=\"font-weight: 400;\">Amikor mes\u00e9lsz, h\u00edvd meg \u0151t a mes\u00e9be, hagyd hogy a r\u00e9sze legyen a t\u00f6rt\u00e9netek elmes\u00e9l\u00e9s\u00e9nek &#8211; ha szeretne. Ha passz\u00edv akar lenni \u00e9s csak hallgatni t\u00e9ged, akkor \u00f6leld k\u00f6rbe a szavaiddal \u00e9s t\u00f6rekedj arra, hogy a neki v\u00e1lasztott t\u00f6rt\u00e9net a legizgalmasabb hangj\u00e1t\u00e9k keret\u00e9ben hangozhasson el &#8211; amit T\u0151led hall.\u00a0<\/span><\/p><p>\u00a0<\/p><p><span style=\"font-weight: 400;\">Nem vagyunk sz\u00fcl\u0151k\u00e9nt egyform\u00e1k abban, mennyire szeretj\u00fck megmutatni \u00f6nmagunkat. Tal\u00e1n nincsen kedved nap mint nap dalra fakadni, k\u00fcl\u00f6n\u00f6sen nem egy gyerekdalt \u00e9nekelve &#8211; de nem kell hogy gyerekdal sz\u00f3ljon, a l\u00e9nyeg, hogy a dal sz\u00f3k\u00e9szlete kb. illeszkedjen egy gyermeked \u00e1ltal ismert vil\u00e1ghoz.<\/span><\/p><p><span style=\"font-weight: 400;\">\u00c9rthet\u0151 ha a mesemond\u00e1s kapcs\u00e1n sem \u00fagy szeretn\u00e9d befejezni a napodat, hogy egy v\u00e9n r\u00f3ka vagy egy unatkoz\u00f3 s\u00fcn hangj\u00e1n sz\u00f3lsz. Ebben term\u00e9szetes a fokozatoss\u00e1g. Nem fogod tudni teljesen m\u00e1sk\u00e9pp mes\u00e9lni a mes\u00e9t, mint ahogyan \u00e9rzed magad. Ez egy term\u00e9szetes emberi t\u00e9nyez\u0151, amit nem kell fel\u00fcl\u00edrni a gyermeked kedv\u00e9\u00e9rt.\u00a0<\/span><\/p>\t\t\t\t\t\t<\/div>\n\t\t\t\t<\/div>\n\t\t\t\t<\/div>\n\t\t<div class=\"elementor-element elementor-element-1af003b e-con-full e-con\" data-id=\"1af003b\" data-element_type=\"container\" data-settings=\"{&quot;content_width&quot;:&quot;full&quot;,&quot;background_background&quot;:&quot;classic&quot;}\">\n\t\t\t\t<div class=\"elementor-element elementor-element-f7b8e4c elementor-widget elementor-widget-heading\" data-id=\"f7b8e4c\" data-element_type=\"widget\" data-widget_type=\"heading.default\">\n\t\t\t\t<div class=\"elementor-widget-container\">\n\t\t\t<h2 class=\"elementor-heading-title elementor-size-default\">K\u00e9rem a hanganyag-sorozat els\u0151 r\u00e9sz\u00e9t<\/h2>\t\t<\/div>\n\t\t\t\t<\/div>\n\t\t\t\t<div class=\"elementor-element elementor-element-d4c90be elementor-widget elementor-widget-heading\" data-id=\"d4c90be\" data-element_type=\"widget\" data-widget_type=\"heading.default\">\n\t\t\t\t<div class=\"elementor-widget-container\">\n\t\t\t<h4 class=\"elementor-heading-title elementor-size-default\">T\u00f6ltsd ki az adatokkal a mez\u0151ket, hogy elk\u00fcldhessem neked a hanganyag-sorozat els\u0151 r\u00e9sz\u00e9t.<\/h4>\t\t<\/div>\n\t\t\t\t<\/div>\n\t\t\t\t<div class=\"elementor-element elementor-element-5e62d52 elementor-button-align-stretch elementor-widget elementor-widget-global elementor-global-340 elementor-widget-form\" data-id=\"5e62d52\" data-element_type=\"widget\" data-settings=\"{&quot;step_next_label&quot;:&quot;K\\u00f6vetkez\\u0151&quot;,&quot;step_previous_label&quot;:&quot;El\\u0151z\\u0151&quot;,&quot;button_width&quot;:&quot;100&quot;,&quot;step_type&quot;:&quot;number_text&quot;,&quot;step_icon_shape&quot;:&quot;circle&quot;}\" data-widget_type=\"form.default\">\n\t\t\t\t<div class=\"elementor-widget-container\">\n\t\t\t<style>\/*! elementor-pro - v3.11.1 - 15-02-2023 *\/\n.elementor-button.elementor-hidden,.elementor-hidden{display:none}.e-form__step{width:100%}.e-form__step:not(.elementor-hidden){display:flex;flex-wrap:wrap}.e-form__buttons{flex-wrap:wrap}.e-form__buttons,.e-form__buttons__wrapper{display:flex}.e-form__indicators{display:flex;justify-content:space-between;align-items:center;flex-wrap:nowrap;font-size:13px;margin-bottom:var(--e-form-steps-indicators-spacing)}.e-form__indicators__indicator{display:flex;flex-direction:column;align-items:center;justify-content:center;flex-basis:0;padding:0 var(--e-form-steps-divider-gap)}.e-form__indicators__indicator__progress{width:100%;position:relative;background-color:var(--e-form-steps-indicator-progress-background-color);border-radius:var(--e-form-steps-indicator-progress-border-radius);overflow:hidden}.e-form__indicators__indicator__progress__meter{width:var(--e-form-steps-indicator-progress-meter-width,0);height:var(--e-form-steps-indicator-progress-height);line-height:var(--e-form-steps-indicator-progress-height);padding-right:15px;border-radius:var(--e-form-steps-indicator-progress-border-radius);background-color:var(--e-form-steps-indicator-progress-color);color:var(--e-form-steps-indicator-progress-meter-color);text-align:right;transition:width .1s linear}.e-form__indicators__indicator:first-child{padding-left:0}.e-form__indicators__indicator:last-child{padding-right:0}.e-form__indicators__indicator--state-inactive{color:var(--e-form-steps-indicator-inactive-primary-color,#c2cbd2)}.e-form__indicators__indicator--state-inactive [class*=indicator--shape-]:not(.e-form__indicators__indicator--shape-none){background-color:var(--e-form-steps-indicator-inactive-secondary-color,#fff)}.e-form__indicators__indicator--state-inactive object,.e-form__indicators__indicator--state-inactive svg{fill:var(--e-form-steps-indicator-inactive-primary-color,#c2cbd2)}.e-form__indicators__indicator--state-active{color:var(--e-form-steps-indicator-active-primary-color,#39b54a);border-color:var(--e-form-steps-indicator-active-secondary-color,#fff)}.e-form__indicators__indicator--state-active [class*=indicator--shape-]:not(.e-form__indicators__indicator--shape-none){background-color:var(--e-form-steps-indicator-active-secondary-color,#fff)}.e-form__indicators__indicator--state-active object,.e-form__indicators__indicator--state-active svg{fill:var(--e-form-steps-indicator-active-primary-color,#39b54a)}.e-form__indicators__indicator--state-completed{color:var(--e-form-steps-indicator-completed-secondary-color,#fff)}.e-form__indicators__indicator--state-completed [class*=indicator--shape-]:not(.e-form__indicators__indicator--shape-none){background-color:var(--e-form-steps-indicator-completed-primary-color,#39b54a)}.e-form__indicators__indicator--state-completed .e-form__indicators__indicator__label{color:var(--e-form-steps-indicator-completed-primary-color,#39b54a)}.e-form__indicators__indicator--state-completed .e-form__indicators__indicator--shape-none{color:var(--e-form-steps-indicator-completed-primary-color,#39b54a);background-color:initial}.e-form__indicators__indicator--state-completed object,.e-form__indicators__indicator--state-completed svg{fill:var(--e-form-steps-indicator-completed-secondary-color,#fff)}.e-form__indicators__indicator__icon{width:var(--e-form-steps-indicator-padding,30px);height:var(--e-form-steps-indicator-padding,30px);font-size:var(--e-form-steps-indicator-icon-size);border-width:1px;border-style:solid;display:flex;justify-content:center;align-items:center;overflow:hidden;margin-bottom:10px}.e-form__indicators__indicator__icon img,.e-form__indicators__indicator__icon object,.e-form__indicators__indicator__icon svg{width:var(--e-form-steps-indicator-icon-size);height:auto}.e-form__indicators__indicator__icon .e-font-icon-svg{height:1em}.e-form__indicators__indicator__number{width:var(--e-form-steps-indicator-padding,30px);height:var(--e-form-steps-indicator-padding,30px);border-width:1px;border-style:solid;display:flex;justify-content:center;align-items:center;margin-bottom:10px}.e-form__indicators__indicator--shape-circle{border-radius:50%}.e-form__indicators__indicator--shape-square{border-radius:0}.e-form__indicators__indicator--shape-rounded{border-radius:5px}.e-form__indicators__indicator--shape-none{border:0}.e-form__indicators__indicator__label{text-align:center}.e-form__indicators__indicator__separator{width:100%;height:var(--e-form-steps-divider-width);background-color:#c2cbd2}.e-form__indicators--type-icon,.e-form__indicators--type-icon_text,.e-form__indicators--type-number,.e-form__indicators--type-number_text{align-items:flex-start}.e-form__indicators--type-icon .e-form__indicators__indicator__separator,.e-form__indicators--type-icon_text .e-form__indicators__indicator__separator,.e-form__indicators--type-number .e-form__indicators__indicator__separator,.e-form__indicators--type-number_text .e-form__indicators__indicator__separator{margin-top:calc(var(--e-form-steps-indicator-padding, 30px) \/ 2 - var(--e-form-steps-divider-width, 1px) \/ 2)}.elementor-field-type-hidden{display:none}.elementor-field-type-html{display:inline-block}.elementor-login .elementor-lost-password,.elementor-login .elementor-remember-me{font-size:.85em}.elementor-field-type-recaptcha_v3 .elementor-field-label{display:none}.elementor-field-type-recaptcha_v3 .grecaptcha-badge{z-index:1}.elementor-button .elementor-form-spinner{order:3}.elementor-form .elementor-button>span{display:flex;justify-content:center;align-items:center}.elementor-form .elementor-button .elementor-button-text{white-space:normal;flex-grow:0}.elementor-form .elementor-button svg{height:auto}.elementor-form .elementor-button .e-font-icon-svg{height:1em}.elementor-select-wrapper .select-caret-down-wrapper{position:absolute;top:50%;transform:translateY(-50%);inset-inline-end:10px;pointer-events:none;font-size:11px}.elementor-select-wrapper .select-caret-down-wrapper svg{display:unset;width:1em;aspect-ratio:unset;fill:currentColor}.elementor-select-wrapper .select-caret-down-wrapper i{font-size:19px;line-height:2}.elementor-select-wrapper.remove-before:before{content:\"\"!important}<\/style>\t\t<form class=\"elementor-form\" method=\"post\" name=\"Feliratkoz\u00e1s\">\n\t\t\t<input type=\"hidden\" name=\"post_id\" value=\"29\"\/>\n\t\t\t<input type=\"hidden\" name=\"form_id\" value=\"5e62d52\"\/>\n\t\t\t<input type=\"hidden\" name=\"referer_title\" value=\"\" \/>\n\n\t\t\t\n\t\t\t<div class=\"elementor-form-fields-wrapper elementor-labels-above\">\n\t\t\t\t\t\t\t\t<div class=\"elementor-field-type-text elementor-field-group elementor-column elementor-field-group-nev elementor-col-100 elementor-field-required\">\n\t\t\t\t\t\t\t\t\t\t\t\t<label for=\"form-field-nev\" class=\"elementor-field-label\">\n\t\t\t\t\t\t\t\tA te keresztneved\t\t\t\t\t\t\t<\/label>\n\t\t\t\t\t\t\t\t\t\t\t\t\t\t<input size=\"1\" type=\"text\" name=\"form_fields[nev]\" id=\"form-field-nev\" class=\"elementor-field elementor-size-sm  elementor-field-textual\" required=\"required\" aria-required=\"true\">\n\t\t\t\t\t\t\t\t\t\t\t<\/div>\n\t\t\t\t\t\t\t\t<div class=\"elementor-field-type-select elementor-field-group elementor-column elementor-field-group-eletkor elementor-col-100 elementor-field-required\">\n\t\t\t\t\t\t\t\t\t\t\t\t<label for=\"form-field-eletkor\" class=\"elementor-field-label\">\n\t\t\t\t\t\t\t\tA gyermeked \u00e9letkora\t\t\t\t\t\t\t<\/label>\n\t\t\t\t\t\t\t\t<div class=\"elementor-field elementor-select-wrapper remove-before \">\n\t\t\t<div class=\"select-caret-down-wrapper\">\n\t\t\t\t<svg aria-hidden=\"true\" class=\"e-font-icon-svg e-eicon-caret-down\" viewBox=\"0 0 571.4 571.4\" xmlns=\"http:\/\/www.w3.org\/2000\/svg\"><path d=\"M571 393Q571 407 561 418L311 668Q300 679 286 679T261 668L11 418Q0 407 0 393T11 368 36 357H536Q550 357 561 368T571 393Z\"><\/path><\/svg>\t\t\t<\/div>\n\t\t\t<select name=\"form_fields[eletkor]\" id=\"form-field-eletkor\" class=\"elementor-field-textual elementor-size-sm\" required=\"required\" aria-required=\"true\">\n\t\t\t\t\t\t\t\t\t<option value=\"\"><\/option>\n\t\t\t\t\t\t\t\t\t<option value=\"0-2\">0-2<\/option>\n\t\t\t\t\t\t\t\t\t<option value=\"2-4\">2-4<\/option>\n\t\t\t\t\t\t\t\t\t<option value=\"4-6\">4-6<\/option>\n\t\t\t\t\t\t\t\t\t<option value=\"6-10\">6-10<\/option>\n\t\t\t\t\t\t\t\t\t<option value=\"10-15\">10-15<\/option>\n\t\t\t\t\t\t\t<\/select>\n\t\t<\/div>\n\t\t\t\t\t\t<\/div>\n\t\t\t\t\t\t\t\t<div class=\"elementor-field-type-email elementor-field-group elementor-column elementor-field-group-email elementor-col-100 elementor-field-required\">\n\t\t\t\t\t\t\t\t\t\t\t\t<label for=\"form-field-email\" class=\"elementor-field-label\">\n\t\t\t\t\t\t\t\tAz e-mail c\u00edmed\t\t\t\t\t\t\t<\/label>\n\t\t\t\t\t\t\t\t\t\t\t\t\t\t<input size=\"1\" type=\"email\" name=\"form_fields[email]\" id=\"form-field-email\" class=\"elementor-field elementor-size-sm  elementor-field-textual\" required=\"required\" aria-required=\"true\">\n\t\t\t\t\t\t\t\t\t\t\t<\/div>\n\t\t\t\t\t\t\t\t<div class=\"elementor-field-type-acceptance elementor-field-group elementor-column elementor-field-group-adatkezeles elementor-col-100 elementor-field-required\">\n\t\t\t\t\t\t\t<div class=\"elementor-field-subgroup\">\n\t\t\t<span class=\"elementor-field-option\">\n\t\t\t\t<input type=\"checkbox\" name=\"form_fields[adatkezeles]\" id=\"form-field-adatkezeles\" class=\"elementor-field elementor-size-sm  elementor-acceptance-field\" required=\"required\" aria-required=\"true\">\n\t\t\t\t<label for=\"form-field-adatkezeles\">Hozz\u00e1j\u00e1rulok az adataim jogszab\u00e1lyok szerinti biztons\u00e1gos kezel\u00e9s\u00e9hez.<\/label>\t\t\t<\/span>\n\t\t<\/div>\n\t\t\t\t\t\t<\/div>\n\t\t\t\t\t\t\t\t<div class=\"elementor-field-type-recaptcha_v3 elementor-field-group elementor-column elementor-field-group-recaptcha elementor-col-100 recaptcha_v3-inline\">\n\t\t\t\t\t<div class=\"elementor-field\" id=\"form-field-recaptcha\"><div class=\"elementor-g-recaptcha\" data-sitekey=\"6Lfh6WMkAAAAAE1Zt2edktmlbyLci5YIXppMHFjP\" data-type=\"v3\" data-action=\"Form\" data-badge=\"inline\" data-size=\"invisible\"><\/div><\/div>\t\t\t\t<\/div>\n\t\t\t\t\t\t\t\t<div class=\"elementor-field-group elementor-column elementor-field-type-submit elementor-col-100 e-form__buttons\">\n\t\t\t\t\t<button type=\"submit\" class=\"elementor-button elementor-size-sm\">\n\t\t\t\t\t\t<span >\n\t\t\t\t\t\t\t\t\t\t\t\t\t\t\t<span class=\" elementor-button-icon\">\n\t\t\t\t\t\t\t\t\t\t\t\t\t\t\t\t\t\t\t\t\t\t\t\t\t\t<\/span>\n\t\t\t\t\t\t\t\t\t\t\t\t\t\t\t\t\t\t\t\t\t\t<span class=\"elementor-button-text\">K\u00e9rem a hanganyag-sorozat els\u0151 r\u00e9sz\u00e9t \u00e9s az \u00fatmutat\u00f3t<\/span>\n\t\t\t\t\t\t\t\t\t\t\t\t\t<\/span>\n\t\t\t\t\t<\/button>\n\t\t\t\t<\/div>\n\t\t\t<\/div>\n\t\t<\/form>\n\t\t\t\t<\/div>\n\t\t\t\t<\/div>\n\t\t\t\t<\/div>\n\t\t\t\t\t<\/div>\n\t\t\t\t<\/div>\n\t\t\t\t\t\t\t<\/div>\n\t\t","protected":false},"excerpt":{"rendered":"<p>Hogyan csin\u00e1ld? Sokat vagytok egy\u00fctt, \u00e9s ezekben az id\u0151ben f\u0151k\u00e9nt besz\u00e9lsz hozz\u00e1, vagy meg\u00e9rinted. Ez a k\u00e9t szeretetnyelv \u00e1ramlik k\u00f6ztetek. A besz\u00e9d sor\u00e1n a hangsz\u00edned \u00e9s a szavaid sokat mondanak neki arr\u00f3l, mekkora biztons\u00e1gban van, milyen ez a vil\u00e1g amiben \u00e9l, hogy \u00e9rzed magad Te \u00e9s milyen \u00e9lm\u00e9nyek v\u00e1rnak \u0150r\u00e1 a k\u00f6zeli j\u00f6v\u0151ben. \u00a0 B\u00e1rmikor, [&hellip;]<\/p>\n","protected":false},"author":1,"featured_media":0,"parent":0,"menu_order":0,"comment_status":"closed","ping_status":"closed","template":"elementor_header_footer","meta":{"_seopress_robots_primary_cat":"","inline_featured_image":false,"footnotes":""},"class_list":["post-29","page","type-page","status-publish","hentry"],"_links":{"self":[{"href":"https:\/\/otto-voice.com\/hu\/wp-json\/wp\/v2\/pages\/29","targetHints":{"allow":["GET"]}}],"collection":[{"href":"https:\/\/otto-voice.com\/hu\/wp-json\/wp\/v2\/pages"}],"about":[{"href":"https:\/\/otto-voice.com\/hu\/wp-json\/wp\/v2\/types\/page"}],"author":[{"embeddable":true,"href":"https:\/\/otto-voice.com\/hu\/wp-json\/wp\/v2\/users\/1"}],"replies":[{"embeddable":true,"href":"https:\/\/otto-voice.com\/hu\/wp-json\/wp\/v2\/comments?post=29"}],"version-history":[{"count":80,"href":"https:\/\/otto-voice.com\/hu\/wp-json\/wp\/v2\/pages\/29\/revisions"}],"predecessor-version":[{"id":744,"href":"https:\/\/otto-voice.com\/hu\/wp-json\/wp\/v2\/pages\/29\/revisions\/744"}],"wp:attachment":[{"href":"https:\/\/otto-voice.com\/hu\/wp-json\/wp\/v2\/media?parent=29"}],"curies":[{"name":"wp","href":"https:\/\/api.w.org\/{rel}","templated":true}]}}