{"id":33,"date":"2023-02-08T18:06:56","date_gmt":"2023-02-08T17:06:56","guid":{"rendered":"http:\/\/otto-voice.com\/?page_id=33"},"modified":"2023-02-27T08:30:16","modified_gmt":"2023-02-27T07:30:16","slug":"eletszakaszok","status":"publish","type":"page","link":"https:\/\/otto-voice.com\/hu\/eletszakaszok\/","title":{"rendered":"\u00c9letszakaszok"},"content":{"rendered":"\t\t<div data-elementor-type=\"wp-page\" data-elementor-id=\"33\" class=\"elementor elementor-33\">\n\t\t\t\t\t\t\t<div class=\"elementor-element elementor-element-ec979d9 e-con-boxed e-con\" data-id=\"ec979d9\" data-element_type=\"container\" data-settings=\"{&quot;content_width&quot;:&quot;boxed&quot;}\">\n\t\t\t\t\t<div class=\"e-con-inner\">\n\t\t<div class=\"elementor-element elementor-element-292193c e-con-full e-con\" data-id=\"292193c\" data-element_type=\"container\" data-settings=\"{&quot;content_width&quot;:&quot;full&quot;}\">\n\t\t\t\t<div class=\"elementor-element elementor-element-9c8324b elementor-widget elementor-widget-heading\" data-id=\"9c8324b\" data-element_type=\"widget\" data-widget_type=\"heading.default\">\n\t\t\t\t<div class=\"elementor-widget-container\">\n\t\t\t<style>\/*! elementor - v3.12.0 - 29-03-2023 *\/\n.elementor-heading-title{padding:0;margin:0;line-height:1}.elementor-widget-heading .elementor-heading-title[class*=elementor-size-]>a{color:inherit;font-size:inherit;line-height:inherit}.elementor-widget-heading .elementor-heading-title.elementor-size-small{font-size:15px}.elementor-widget-heading .elementor-heading-title.elementor-size-medium{font-size:19px}.elementor-widget-heading .elementor-heading-title.elementor-size-large{font-size:29px}.elementor-widget-heading .elementor-heading-title.elementor-size-xl{font-size:39px}.elementor-widget-heading .elementor-heading-title.elementor-size-xxl{font-size:59px}<\/style><h1 class=\"elementor-heading-title elementor-size-default\">\u00c9letszakaszok<\/h1>\t\t<\/div>\n\t\t\t\t<\/div>\n\t\t\t\t<div class=\"elementor-element elementor-element-b518ce0 elementor-widget elementor-widget-text-editor\" data-id=\"b518ce0\" data-element_type=\"widget\" data-widget_type=\"text-editor.default\">\n\t\t\t\t<div class=\"elementor-widget-container\">\n\t\t\t<style>\/*! elementor - v3.12.0 - 29-03-2023 *\/\n.elementor-widget-text-editor.elementor-drop-cap-view-stacked .elementor-drop-cap{background-color:#69727d;color:#fff}.elementor-widget-text-editor.elementor-drop-cap-view-framed .elementor-drop-cap{color:#69727d;border:3px solid;background-color:transparent}.elementor-widget-text-editor:not(.elementor-drop-cap-view-default) .elementor-drop-cap{margin-top:8px}.elementor-widget-text-editor:not(.elementor-drop-cap-view-default) .elementor-drop-cap-letter{width:1em;height:1em}.elementor-widget-text-editor .elementor-drop-cap{float:left;text-align:center;line-height:1;font-size:50px}.elementor-widget-text-editor .elementor-drop-cap-letter{display:inline-block}<\/style>\t\t\t\t<p><span style=\"font-weight: 400;\">Nap mint nap megtapasztalod a gyermeked \u00e9rzelmi fejl\u0151d\u00e9s\u00e9t, amit az \u00e9letszakaszok tagolnak olyan egys\u00e9gekre, amiket ut\u00f3lag is j\u00f3l sz\u00e1mba tudunk venni sz\u00fcl\u0151k\u00e9nt.<\/span><\/p><p><span style=\"font-weight: 400;\">A gyermeked kor\u00e1b\u00f3l kiindulva is megtal\u00e1lod a hanganyagokban az zenei\/dal aj\u00e1nl\u00e1st \u00e9s azokat a meseolvas\u00e1s\u00e1i- \u00e9s hallgat\u00e1si szok\u00e1sokat, amik az adot \u00e9letkorban a legjobban fejlesztik az \u00e9rzelmi intelligenci\u00e1t, a t\u00e1rsas kapcsolatokat \u00e9s a csal\u00e1di k\u00f6t\u0151d\u00e9seket. N\u00e9ha az \u00e9rzelmi elakad\u00e1sok megel\u0151zhet\u0151ek vagy megszelid\u00edthet\u0151ek m\u00e9g azel\u0151tt hogy kr\u00edziss\u00e9 v\u00e1ln\u00e1nak. Az \u00e9letszakaszok term\u00e9szetes m\u00f3don hoznak el \u00e9rzelmi pr\u00f3bat\u00e9teleket, de ha sz\u00fcl\u0151k\u00e9nt megismered az egym\u00e1st k\u00f6vet\u0151 \u00e9letszakaszok jellegzetes kih\u00edv\u00e1sai \u00e9s a v\u00e1rhat\u00f3 \u00e9rzelmi hat\u00e1rhelyzeteket tudatosabb \u00e9s kezdem\u00e9nyez\u0151bb lehetsz, nem \u00e9r v\u00e1ratlanul egy-egy esem\u00e9ny.<\/span><\/p><p><span style=\"font-weight: 400;\">A gyermeked \u00e9rzelmi fejl\u0151d\u00e9se csecsem\u0151 kor\u00e1t\u00f3l fogva t\u00f6retlen \u00e9s folyamatos, az Otto Voice program a sokoldal\u00fas\u00e1ga miatt k\u00e9pes abban t\u00e1mogatni a gyerekeket, hogy feln\u0151hessenek az emberi hang legszebb \u00e9s leg\u0151szint\u00e9bb alkalmaz\u00e1s\u00e1nak megfigyel\u0151jek\u00e9nt.<\/span><\/p><p><span style=\"font-weight: 400;\">A tud\u00e1sunk a gyermeki szem\u00e9lyis\u00e9g fejl\u0151d\u00e9s\u00e9nek alapos tudom\u00e1nyos ismeretein alapul, \u00edgy v\u00e1lik j\u00f3 t\u00e1mogat\u00f3v\u00e1.<\/span><\/p><p><span style=\"font-weight: 400;\">Az \u00e9letkori v\u00e1ltoz\u00e1sokra val\u00f3 \u00e9rzelmi felk\u00e9sz\u00fcl\u00e9s valami k\u00fcl\u00f6nleges dolgot tan\u00edt a gyermekednek m\u00e1r most: \u00f6nelfogad\u00e1st \u00e9s a neh\u00e9zs\u00e9gekkel val\u00f3 megk\u00fczd\u00e9s form\u00e1it.<\/span><\/p><p><span style=\"font-weight: 400;\">Az emberi hang k\u00f6zels\u00e9ge (a k\u00f6z\u00f6s \u00e9nekl\u00e9s \u00e9s a meseolvas\u00e1s\u00e1 \u00e9lethelyzeteiben) minden \u00e9letszakaszban m\u00e1s megold\u00e1sra ad egy kicsit m\u00e1smilyen v\u00e1laszt. Egy csecsem\u0151 eset\u00e9ben a hall\u00e1s fejl\u0151d\u00e9s\u00e9nek idej\u00e9n, a biztons\u00e1g\u00e9rzetet er\u0151s\u00edti, a kisgyermekkor idej\u00e9n a k\u00f6t\u0151d\u00e9s v\u00e1ltoz\u00e1s\u00e1t rejti a hangok m\u00f6g\u00e9, az \u00f3vod\u00e1skor idej\u00e9n pedig az \u00f6n\u00e1ll\u00f3s\u00e1g els\u0151 l\u00e9p\u00e9seit helyezi a k\u00f6z\u00e9ppontba, majd a pubert\u00e1s a jellem \u00e9s az idientit\u00e1s pr\u00f3b\u00e1ja.<\/span><\/p><p><span style=\"font-weight: 400;\">Ahogyan a gyermeked n\u0151l, egyre \u00f6sszetettebb, egyre sokoldal\u00fabb k\u00e9szs\u00e9geket mozg\u00f3s\u00edt benne mindaz, amit \u00e9rte tett\u00e9l akkor, amikor elkezdt\u00e9l m\u00e1sk\u00e9nt tekinteni a besz\u00e9d \u00e9s \u00e9nekhangodra.<\/span><\/p>\t\t\t\t\t\t<\/div>\n\t\t\t\t<\/div>\n\t\t\t\t<\/div>\n\t\t<div class=\"elementor-element elementor-element-498318c e-con-full e-con\" data-id=\"498318c\" data-element_type=\"container\" data-settings=\"{&quot;content_width&quot;:&quot;full&quot;,&quot;background_background&quot;:&quot;classic&quot;}\">\n\t\t\t\t<div class=\"elementor-element elementor-element-6b2ea92 elementor-widget elementor-widget-heading\" data-id=\"6b2ea92\" data-element_type=\"widget\" data-widget_type=\"heading.default\">\n\t\t\t\t<div class=\"elementor-widget-container\">\n\t\t\t<h2 class=\"elementor-heading-title elementor-size-default\">K\u00e9rem a hanganyag-sorozat els\u0151 r\u00e9sz\u00e9t<\/h2>\t\t<\/div>\n\t\t\t\t<\/div>\n\t\t\t\t<div class=\"elementor-element elementor-element-18fb3a7 elementor-widget elementor-widget-heading\" data-id=\"18fb3a7\" data-element_type=\"widget\" data-widget_type=\"heading.default\">\n\t\t\t\t<div class=\"elementor-widget-container\">\n\t\t\t<h4 class=\"elementor-heading-title elementor-size-default\">T\u00f6ltsd ki az adatokkal a mez\u0151ket, hogy elk\u00fcldhessem neked a hanganyag-sorozat els\u0151 r\u00e9sz\u00e9t.<\/h4>\t\t<\/div>\n\t\t\t\t<\/div>\n\t\t\t\t<div class=\"elementor-element elementor-element-b64fd57 elementor-button-align-stretch elementor-widget elementor-widget-global elementor-global-340 elementor-widget-form\" data-id=\"b64fd57\" data-element_type=\"widget\" data-settings=\"{&quot;step_next_label&quot;:&quot;K\\u00f6vetkez\\u0151&quot;,&quot;step_previous_label&quot;:&quot;El\\u0151z\\u0151&quot;,&quot;button_width&quot;:&quot;100&quot;,&quot;step_type&quot;:&quot;number_text&quot;,&quot;step_icon_shape&quot;:&quot;circle&quot;}\" data-widget_type=\"form.default\">\n\t\t\t\t<div class=\"elementor-widget-container\">\n\t\t\t<style>\/*! elementor-pro - v3.11.1 - 15-02-2023 *\/\n.elementor-button.elementor-hidden,.elementor-hidden{display:none}.e-form__step{width:100%}.e-form__step:not(.elementor-hidden){display:flex;flex-wrap:wrap}.e-form__buttons{flex-wrap:wrap}.e-form__buttons,.e-form__buttons__wrapper{display:flex}.e-form__indicators{display:flex;justify-content:space-between;align-items:center;flex-wrap:nowrap;font-size:13px;margin-bottom:var(--e-form-steps-indicators-spacing)}.e-form__indicators__indicator{display:flex;flex-direction:column;align-items:center;justify-content:center;flex-basis:0;padding:0 var(--e-form-steps-divider-gap)}.e-form__indicators__indicator__progress{width:100%;position:relative;background-color:var(--e-form-steps-indicator-progress-background-color);border-radius:var(--e-form-steps-indicator-progress-border-radius);overflow:hidden}.e-form__indicators__indicator__progress__meter{width:var(--e-form-steps-indicator-progress-meter-width,0);height:var(--e-form-steps-indicator-progress-height);line-height:var(--e-form-steps-indicator-progress-height);padding-right:15px;border-radius:var(--e-form-steps-indicator-progress-border-radius);background-color:var(--e-form-steps-indicator-progress-color);color:var(--e-form-steps-indicator-progress-meter-color);text-align:right;transition:width .1s linear}.e-form__indicators__indicator:first-child{padding-left:0}.e-form__indicators__indicator:last-child{padding-right:0}.e-form__indicators__indicator--state-inactive{color:var(--e-form-steps-indicator-inactive-primary-color,#c2cbd2)}.e-form__indicators__indicator--state-inactive [class*=indicator--shape-]:not(.e-form__indicators__indicator--shape-none){background-color:var(--e-form-steps-indicator-inactive-secondary-color,#fff)}.e-form__indicators__indicator--state-inactive object,.e-form__indicators__indicator--state-inactive svg{fill:var(--e-form-steps-indicator-inactive-primary-color,#c2cbd2)}.e-form__indicators__indicator--state-active{color:var(--e-form-steps-indicator-active-primary-color,#39b54a);border-color:var(--e-form-steps-indicator-active-secondary-color,#fff)}.e-form__indicators__indicator--state-active [class*=indicator--shape-]:not(.e-form__indicators__indicator--shape-none){background-color:var(--e-form-steps-indicator-active-secondary-color,#fff)}.e-form__indicators__indicator--state-active object,.e-form__indicators__indicator--state-active svg{fill:var(--e-form-steps-indicator-active-primary-color,#39b54a)}.e-form__indicators__indicator--state-completed{color:var(--e-form-steps-indicator-completed-secondary-color,#fff)}.e-form__indicators__indicator--state-completed [class*=indicator--shape-]:not(.e-form__indicators__indicator--shape-none){background-color:var(--e-form-steps-indicator-completed-primary-color,#39b54a)}.e-form__indicators__indicator--state-completed .e-form__indicators__indicator__label{color:var(--e-form-steps-indicator-completed-primary-color,#39b54a)}.e-form__indicators__indicator--state-completed .e-form__indicators__indicator--shape-none{color:var(--e-form-steps-indicator-completed-primary-color,#39b54a);background-color:initial}.e-form__indicators__indicator--state-completed object,.e-form__indicators__indicator--state-completed svg{fill:var(--e-form-steps-indicator-completed-secondary-color,#fff)}.e-form__indicators__indicator__icon{width:var(--e-form-steps-indicator-padding,30px);height:var(--e-form-steps-indicator-padding,30px);font-size:var(--e-form-steps-indicator-icon-size);border-width:1px;border-style:solid;display:flex;justify-content:center;align-items:center;overflow:hidden;margin-bottom:10px}.e-form__indicators__indicator__icon img,.e-form__indicators__indicator__icon object,.e-form__indicators__indicator__icon svg{width:var(--e-form-steps-indicator-icon-size);height:auto}.e-form__indicators__indicator__icon .e-font-icon-svg{height:1em}.e-form__indicators__indicator__number{width:var(--e-form-steps-indicator-padding,30px);height:var(--e-form-steps-indicator-padding,30px);border-width:1px;border-style:solid;display:flex;justify-content:center;align-items:center;margin-bottom:10px}.e-form__indicators__indicator--shape-circle{border-radius:50%}.e-form__indicators__indicator--shape-square{border-radius:0}.e-form__indicators__indicator--shape-rounded{border-radius:5px}.e-form__indicators__indicator--shape-none{border:0}.e-form__indicators__indicator__label{text-align:center}.e-form__indicators__indicator__separator{width:100%;height:var(--e-form-steps-divider-width);background-color:#c2cbd2}.e-form__indicators--type-icon,.e-form__indicators--type-icon_text,.e-form__indicators--type-number,.e-form__indicators--type-number_text{align-items:flex-start}.e-form__indicators--type-icon .e-form__indicators__indicator__separator,.e-form__indicators--type-icon_text .e-form__indicators__indicator__separator,.e-form__indicators--type-number .e-form__indicators__indicator__separator,.e-form__indicators--type-number_text .e-form__indicators__indicator__separator{margin-top:calc(var(--e-form-steps-indicator-padding, 30px) \/ 2 - var(--e-form-steps-divider-width, 1px) \/ 2)}.elementor-field-type-hidden{display:none}.elementor-field-type-html{display:inline-block}.elementor-login .elementor-lost-password,.elementor-login .elementor-remember-me{font-size:.85em}.elementor-field-type-recaptcha_v3 .elementor-field-label{display:none}.elementor-field-type-recaptcha_v3 .grecaptcha-badge{z-index:1}.elementor-button .elementor-form-spinner{order:3}.elementor-form .elementor-button>span{display:flex;justify-content:center;align-items:center}.elementor-form .elementor-button .elementor-button-text{white-space:normal;flex-grow:0}.elementor-form .elementor-button svg{height:auto}.elementor-form .elementor-button .e-font-icon-svg{height:1em}.elementor-select-wrapper .select-caret-down-wrapper{position:absolute;top:50%;transform:translateY(-50%);inset-inline-end:10px;pointer-events:none;font-size:11px}.elementor-select-wrapper .select-caret-down-wrapper svg{display:unset;width:1em;aspect-ratio:unset;fill:currentColor}.elementor-select-wrapper .select-caret-down-wrapper i{font-size:19px;line-height:2}.elementor-select-wrapper.remove-before:before{content:\"\"!important}<\/style>\t\t<form class=\"elementor-form\" method=\"post\" name=\"Feliratkoz\u00e1s\">\n\t\t\t<input type=\"hidden\" name=\"post_id\" value=\"33\"\/>\n\t\t\t<input type=\"hidden\" name=\"form_id\" value=\"b64fd57\"\/>\n\t\t\t<input type=\"hidden\" name=\"referer_title\" value=\"\" \/>\n\n\t\t\t\n\t\t\t<div class=\"elementor-form-fields-wrapper elementor-labels-above\">\n\t\t\t\t\t\t\t\t<div class=\"elementor-field-type-text elementor-field-group elementor-column elementor-field-group-nev elementor-col-100 elementor-field-required\">\n\t\t\t\t\t\t\t\t\t\t\t\t<label for=\"form-field-nev\" class=\"elementor-field-label\">\n\t\t\t\t\t\t\t\tA te keresztneved\t\t\t\t\t\t\t<\/label>\n\t\t\t\t\t\t\t\t\t\t\t\t\t\t<input size=\"1\" type=\"text\" name=\"form_fields[nev]\" id=\"form-field-nev\" class=\"elementor-field elementor-size-sm  elementor-field-textual\" required=\"required\" aria-required=\"true\">\n\t\t\t\t\t\t\t\t\t\t\t<\/div>\n\t\t\t\t\t\t\t\t<div class=\"elementor-field-type-select elementor-field-group elementor-column elementor-field-group-eletkor elementor-col-100 elementor-field-required\">\n\t\t\t\t\t\t\t\t\t\t\t\t<label for=\"form-field-eletkor\" class=\"elementor-field-label\">\n\t\t\t\t\t\t\t\tA gyermeked \u00e9letkora\t\t\t\t\t\t\t<\/label>\n\t\t\t\t\t\t\t\t<div class=\"elementor-field elementor-select-wrapper remove-before \">\n\t\t\t<div class=\"select-caret-down-wrapper\">\n\t\t\t\t<svg aria-hidden=\"true\" class=\"e-font-icon-svg e-eicon-caret-down\" viewBox=\"0 0 571.4 571.4\" xmlns=\"http:\/\/www.w3.org\/2000\/svg\"><path d=\"M571 393Q571 407 561 418L311 668Q300 679 286 679T261 668L11 418Q0 407 0 393T11 368 36 357H536Q550 357 561 368T571 393Z\"><\/path><\/svg>\t\t\t<\/div>\n\t\t\t<select name=\"form_fields[eletkor]\" id=\"form-field-eletkor\" class=\"elementor-field-textual elementor-size-sm\" required=\"required\" aria-required=\"true\">\n\t\t\t\t\t\t\t\t\t<option value=\"\"><\/option>\n\t\t\t\t\t\t\t\t\t<option value=\"0-2\">0-2<\/option>\n\t\t\t\t\t\t\t\t\t<option value=\"2-4\">2-4<\/option>\n\t\t\t\t\t\t\t\t\t<option value=\"4-6\">4-6<\/option>\n\t\t\t\t\t\t\t\t\t<option value=\"6-10\">6-10<\/option>\n\t\t\t\t\t\t\t\t\t<option value=\"10-15\">10-15<\/option>\n\t\t\t\t\t\t\t<\/select>\n\t\t<\/div>\n\t\t\t\t\t\t<\/div>\n\t\t\t\t\t\t\t\t<div class=\"elementor-field-type-email elementor-field-group elementor-column elementor-field-group-email elementor-col-100 elementor-field-required\">\n\t\t\t\t\t\t\t\t\t\t\t\t<label for=\"form-field-email\" class=\"elementor-field-label\">\n\t\t\t\t\t\t\t\tAz e-mail c\u00edmed\t\t\t\t\t\t\t<\/label>\n\t\t\t\t\t\t\t\t\t\t\t\t\t\t<input size=\"1\" type=\"email\" name=\"form_fields[email]\" id=\"form-field-email\" class=\"elementor-field elementor-size-sm  elementor-field-textual\" required=\"required\" aria-required=\"true\">\n\t\t\t\t\t\t\t\t\t\t\t<\/div>\n\t\t\t\t\t\t\t\t<div class=\"elementor-field-type-acceptance elementor-field-group elementor-column elementor-field-group-adatkezeles elementor-col-100 elementor-field-required\">\n\t\t\t\t\t\t\t<div class=\"elementor-field-subgroup\">\n\t\t\t<span class=\"elementor-field-option\">\n\t\t\t\t<input type=\"checkbox\" name=\"form_fields[adatkezeles]\" id=\"form-field-adatkezeles\" class=\"elementor-field elementor-size-sm  elementor-acceptance-field\" required=\"required\" aria-required=\"true\">\n\t\t\t\t<label for=\"form-field-adatkezeles\">Hozz\u00e1j\u00e1rulok az adataim jogszab\u00e1lyok szerinti biztons\u00e1gos kezel\u00e9s\u00e9hez.<\/label>\t\t\t<\/span>\n\t\t<\/div>\n\t\t\t\t\t\t<\/div>\n\t\t\t\t\t\t\t\t<div class=\"elementor-field-type-recaptcha_v3 elementor-field-group elementor-column elementor-field-group-recaptcha elementor-col-100 recaptcha_v3-inline\">\n\t\t\t\t\t<div class=\"elementor-field\" id=\"form-field-recaptcha\"><div class=\"elementor-g-recaptcha\" data-sitekey=\"6Lfh6WMkAAAAAE1Zt2edktmlbyLci5YIXppMHFjP\" data-type=\"v3\" data-action=\"Form\" data-badge=\"inline\" data-size=\"invisible\"><\/div><\/div>\t\t\t\t<\/div>\n\t\t\t\t\t\t\t\t<div class=\"elementor-field-group elementor-column elementor-field-type-submit elementor-col-100 e-form__buttons\">\n\t\t\t\t\t<button type=\"submit\" class=\"elementor-button elementor-size-sm\">\n\t\t\t\t\t\t<span >\n\t\t\t\t\t\t\t\t\t\t\t\t\t\t\t<span class=\" elementor-button-icon\">\n\t\t\t\t\t\t\t\t\t\t\t\t\t\t\t\t\t\t\t\t\t\t\t\t\t\t<\/span>\n\t\t\t\t\t\t\t\t\t\t\t\t\t\t\t\t\t\t\t\t\t\t<span class=\"elementor-button-text\">K\u00e9rem a hanganyag-sorozat els\u0151 r\u00e9sz\u00e9t \u00e9s az \u00fatmutat\u00f3t<\/span>\n\t\t\t\t\t\t\t\t\t\t\t\t\t<\/span>\n\t\t\t\t\t<\/button>\n\t\t\t\t<\/div>\n\t\t\t<\/div>\n\t\t<\/form>\n\t\t\t\t<\/div>\n\t\t\t\t<\/div>\n\t\t\t\t<\/div>\n\t\t\t\t\t<\/div>\n\t\t\t\t<\/div>\n\t\t\t\t\t\t\t<\/div>\n\t\t","protected":false},"excerpt":{"rendered":"<p>\u00c9letszakaszok Nap mint nap megtapasztalod a gyermeked \u00e9rzelmi fejl\u0151d\u00e9s\u00e9t, amit az \u00e9letszakaszok tagolnak olyan egys\u00e9gekre, amiket ut\u00f3lag is j\u00f3l sz\u00e1mba tudunk venni sz\u00fcl\u0151k\u00e9nt. A gyermeked kor\u00e1b\u00f3l kiindulva is megtal\u00e1lod a hanganyagokban az zenei\/dal aj\u00e1nl\u00e1st \u00e9s azokat a meseolvas\u00e1s\u00e1i- \u00e9s hallgat\u00e1si szok\u00e1sokat, amik az adot \u00e9letkorban a legjobban fejlesztik az \u00e9rzelmi intelligenci\u00e1t, a t\u00e1rsas kapcsolatokat \u00e9s [&hellip;]<\/p>\n","protected":false},"author":1,"featured_media":0,"parent":0,"menu_order":0,"comment_status":"closed","ping_status":"closed","template":"elementor_header_footer","meta":{"_seopress_robots_primary_cat":"","inline_featured_image":false,"footnotes":""},"class_list":["post-33","page","type-page","status-publish","hentry"],"_links":{"self":[{"href":"https:\/\/otto-voice.com\/hu\/wp-json\/wp\/v2\/pages\/33","targetHints":{"allow":["GET"]}}],"collection":[{"href":"https:\/\/otto-voice.com\/hu\/wp-json\/wp\/v2\/pages"}],"about":[{"href":"https:\/\/otto-voice.com\/hu\/wp-json\/wp\/v2\/types\/page"}],"author":[{"embeddable":true,"href":"https:\/\/otto-voice.com\/hu\/wp-json\/wp\/v2\/users\/1"}],"replies":[{"embeddable":true,"href":"https:\/\/otto-voice.com\/hu\/wp-json\/wp\/v2\/comments?post=33"}],"version-history":[{"count":31,"href":"https:\/\/otto-voice.com\/hu\/wp-json\/wp\/v2\/pages\/33\/revisions"}],"predecessor-version":[{"id":748,"href":"https:\/\/otto-voice.com\/hu\/wp-json\/wp\/v2\/pages\/33\/revisions\/748"}],"wp:attachment":[{"href":"https:\/\/otto-voice.com\/hu\/wp-json\/wp\/v2\/media?parent=33"}],"curies":[{"name":"wp","href":"https:\/\/api.w.org\/{rel}","templated":true}]}}