{"id":37,"date":"2023-02-08T18:06:56","date_gmt":"2023-02-08T17:06:56","guid":{"rendered":"http:\/\/otto-voice.com\/?page_id=37"},"modified":"2023-03-23T12:24:26","modified_gmt":"2023-03-23T11:24:26","slug":"impresszum","status":"publish","type":"page","link":"https:\/\/otto-voice.com\/hu\/impresszum\/","title":{"rendered":"Impresszum"},"content":{"rendered":"\t\t<div data-elementor-type=\"wp-page\" data-elementor-id=\"37\" class=\"elementor elementor-37\">\n\t\t\t\t\t\t\t<div class=\"elementor-element elementor-element-b5dcc82 e-con-boxed e-con\" data-id=\"b5dcc82\" data-element_type=\"container\" data-settings=\"{&quot;content_width&quot;:&quot;boxed&quot;}\">\n\t\t\t\t\t<div class=\"e-con-inner\">\n\t\t<div class=\"elementor-element elementor-element-e808b3c e-con-full e-con\" data-id=\"e808b3c\" data-element_type=\"container\" data-settings=\"{&quot;content_width&quot;:&quot;full&quot;}\">\n\t\t\t\t<div class=\"elementor-element elementor-element-269166f elementor-widget elementor-widget-heading\" data-id=\"269166f\" data-element_type=\"widget\" data-widget_type=\"heading.default\">\n\t\t\t\t<div class=\"elementor-widget-container\">\n\t\t\t<style>\/*! elementor - v3.12.0 - 29-03-2023 *\/\n.elementor-heading-title{padding:0;margin:0;line-height:1}.elementor-widget-heading .elementor-heading-title[class*=elementor-size-]>a{color:inherit;font-size:inherit;line-height:inherit}.elementor-widget-heading .elementor-heading-title.elementor-size-small{font-size:15px}.elementor-widget-heading .elementor-heading-title.elementor-size-medium{font-size:19px}.elementor-widget-heading .elementor-heading-title.elementor-size-large{font-size:29px}.elementor-widget-heading .elementor-heading-title.elementor-size-xl{font-size:39px}.elementor-widget-heading .elementor-heading-title.elementor-size-xxl{font-size:59px}<\/style><h1 class=\"elementor-heading-title elementor-size-default\">Impresszum<\/h1>\t\t<\/div>\n\t\t\t\t<\/div>\n\t\t\t\t<div class=\"elementor-element elementor-element-d2fb5a3 elementor-widget elementor-widget-text-editor\" data-id=\"d2fb5a3\" data-element_type=\"widget\" data-widget_type=\"text-editor.default\">\n\t\t\t\t<div class=\"elementor-widget-container\">\n\t\t\t<style>\/*! elementor - v3.12.0 - 29-03-2023 *\/\n.elementor-widget-text-editor.elementor-drop-cap-view-stacked .elementor-drop-cap{background-color:#69727d;color:#fff}.elementor-widget-text-editor.elementor-drop-cap-view-framed .elementor-drop-cap{color:#69727d;border:3px solid;background-color:transparent}.elementor-widget-text-editor:not(.elementor-drop-cap-view-default) .elementor-drop-cap{margin-top:8px}.elementor-widget-text-editor:not(.elementor-drop-cap-view-default) .elementor-drop-cap-letter{width:1em;height:1em}.elementor-widget-text-editor .elementor-drop-cap{float:left;text-align:center;line-height:1;font-size:50px}.elementor-widget-text-editor .elementor-drop-cap-letter{display:inline-block}<\/style>\t\t\t\t<p dir=\"ltr\" style=\"line-height: 1.38; margin-top: 0pt; margin-bottom: 0pt;\"><span style=\"font-size: 12pt; font-family: Arial; color: #000000; background-color: transparent; font-weight: 400; font-style: normal; font-variant: normal; text-decoration: none; vertical-align: baseline; white-space: pre-wrap;\">Nhancale Zsuzsanna R\u00f3zsa, tudom\u00e1nyos kutat\u00f3, andrag\u00f3gus, az <em>Otto Voice<\/em> program fejleszt\u0151je. <strong>Az <em>Otto Voice<\/em> hangj\u00e1t\u00e9k sorozat az <em>\u00c9lni \u00e9s szeretni \u00e9desanya\/\u00e9desapa n\u00e9lk\u00fcl nemzetk\u00f6zi alap\u00edtv\u00e1ny<\/em>csal\u00e1d r\u00e9sze.<\/strong>\u00a0<\/span><b id=\"docs-internal-guid-f2627854-7fff-3588-97ed-dcfdbf07d8b3\" style=\"font-weight: normal;\"><\/b><\/p><p><strong>A saj\u00e1t hangodon \u00e9nekelni, \u00e9s kifejez\u0151, fordulatos hangs\u00fallyal mes\u00e9t olvasni a gyermekednek meghat\u00e1roz\u00f3 k\u00f6z\u00f6s \u00e9lm\u00e9ny, a magzati kort\u00f3l a gyermekkor v\u00e9g\u00e9ig.<\/strong><\/p><p><strong>Id\u0151takar\u00e9kosan alkalmazhat\u00f3, hangalap\u00fa \u00fatmutat\u00f3kkal seg\u00edtj\u00fck a csal\u00e1dokat abban, hogy be\u00e9p\u00edthess\u00e9k mindezt a gyerekek h\u00e9tk\u00f6znapjaiba. Az emberi hanggal szerzett \u00e9lm\u00e9nyek, a neh\u00e9z gyermekkori helyzetekkel val\u00f3 megk\u00fczd\u00e9st seg\u00edtik \u00e9s biztons\u00e1g\u00e9rzet alapj\u00e1t adj\u00e1k \u2013 \u00f6r\u00f6kre.<\/strong><\/p><p dir=\"ltr\" style=\"line-height: 1.38; background-color: #ffffff; margin-top: 0pt; margin-bottom: 0pt; padding: 1pt 0pt 12pt 0pt;\"><span style=\"font-size: 12pt; font-family: Arial; color: #332c4c; background-color: transparent; font-weight: bold; font-style: normal; font-variant: normal; text-decoration: none; vertical-align: baseline; white-space: pre-wrap;\">Alap\u00edt\u00e1s \u00e9ve:<\/span><\/p><p dir=\"ltr\" style=\"line-height: 1.38; background-color: #ffffff; margin-top: 0pt; margin-bottom: 0pt; padding: 0pt 0pt 12pt 0pt;\"><span style=\"font-size: 12pt; font-family: Arial; color: #332c4c; background-color: transparent; font-weight: 400; font-style: normal; font-variant: normal; text-decoration: none; vertical-align: baseline; white-space: pre-wrap;\">\u00c9lni \u00e9s szeretni \u00e9desanya\/\u00e9desapa n\u00e9lk\u00fcl Alap\u00edtv\u00e1ny Magyarorsz\u00e1g: 2018.09.13.<\/span><\/p><p dir=\"ltr\" style=\"line-height: 1.38; background-color: #ffffff; margin-top: 0pt; margin-bottom: 0pt; padding: 0pt 0pt 12pt 0pt;\"><span style=\"font-size: 12pt; font-family: Arial; color: #332c4c; background-color: transparent; font-weight: 400; font-style: normal; font-variant: normal; text-decoration: none; vertical-align: baseline; white-space: pre-wrap;\">Livingwithoutthemoon\/sun Funda\u00e7\u00e3o: 2013.05.04. &#8211; Portugal<\/span><\/p><p dir=\"ltr\" style=\"line-height: 1.38; background-color: #ffffff; margin-top: 0pt; margin-bottom: 0pt; padding: 0pt 0pt 12pt 0pt;\"><span style=\"font-size: 12pt; font-family: Arial; color: #332c4c; background-color: transparent; font-weight: 400; font-style: normal; font-variant: normal; text-decoration: none; vertical-align: baseline; white-space: pre-wrap;\">LivingWithoutTheMoon\/Sun Foundation 2009.02.14. &#8211; Canada (jogel\u0151d: Technobohemian Research Team)<\/span><\/p><p dir=\"ltr\" style=\"line-height: 1.38; background-color: #ffffff; margin-top: 0pt; margin-bottom: 0pt; padding: 0pt 0pt 12pt 0pt;\"><span style=\"font-size: 12pt; font-family: Arial; color: #332c4c; background-color: transparent; font-weight: bold; font-style: normal; font-variant: normal; text-decoration: none; vertical-align: baseline; white-space: pre-wrap;\">Hivatalos k\u00e9pvisel\u0151k \u00e9s k\u00f6zadatok:<\/span><\/p><p dir=\"ltr\" style=\"line-height: 1.38; background-color: #ffffff; margin-top: 0pt; margin-bottom: 0pt; padding: 0pt 0pt 12pt 0pt;\"><span style=\"font-size: 12pt; font-family: Arial; color: #332c4c; background-color: transparent; font-weight: 400; font-style: normal; font-variant: normal; text-decoration: none; vertical-align: baseline; white-space: pre-wrap;\">Alap\u00edt\u00f3 \u00e9s kurat\u00f3riumi eln\u00f6k: Nhancale Zsuzsanna R\u00f3zsa<\/span><\/p><p dir=\"ltr\" style=\"line-height: 1.38; background-color: #ffffff; margin-top: 0pt; margin-bottom: 0pt; padding: 0pt 0pt 12pt 0pt;\"><span style=\"font-size: 12pt; font-family: Arial; color: #332c4c; background-color: transparent; font-weight: 400; font-style: normal; font-variant: normal; text-decoration: none; vertical-align: baseline; white-space: pre-wrap;\">Kurat\u00f3riumi tagok: T\u00f6r\u00f6k Zsuzsanna, Tak\u00e1cs Vikt\u00f3ria \u00c1gnes, Nhancale Zsuzsanna R\u00f3zsa<\/span><\/p><p dir=\"ltr\" style=\"line-height: 1.38; background-color: #ffffff; margin-top: 0pt; margin-bottom: 0pt; padding: 0pt 0pt 12pt 0pt;\"><span style=\"font-size: 12pt; font-family: Arial; color: #332c4c; background-color: transparent; font-weight: 400; font-style: normal; font-variant: normal; text-decoration: none; vertical-align: baseline; white-space: pre-wrap;\">Szervezet nyilv\u00e1ntart\u00e1si sz\u00e1ma: 01010012670<\/span><\/p><p dir=\"ltr\" style=\"line-height: 1.38; background-color: #ffffff; margin-top: 0pt; margin-bottom: 0pt; padding: 0pt 0pt 12pt 0pt;\"><span style=\"font-size: 12pt; font-family: Arial; color: #332c4c; background-color: transparent; font-weight: 400; font-style: normal; font-variant: normal; text-decoration: none; vertical-align: baseline; white-space: pre-wrap;\">Elj\u00e1r\u00f3 b\u00edr\u00f3s\u00e1g neve: F\u0151v\u00e1rosi T\u00f6rv\u00e9nysz\u00e9k<\/span><\/p><p dir=\"ltr\" style=\"line-height: 1.38; background-color: #ffffff; margin-top: 0pt; margin-bottom: 0pt; padding: 0pt 0pt 12pt 0pt;\"><span style=\"font-size: 12pt; font-family: Arial; color: #332c4c; background-color: transparent; font-weight: 400; font-style: normal; font-variant: normal; text-decoration: none; vertical-align: baseline; white-space: pre-wrap;\">Ad\u00f3sz\u00e1m: 19064934-1-43<\/span><\/p><p dir=\"ltr\" style=\"line-height: 1.38; background-color: #ffffff; margin-top: 0pt; margin-bottom: 0pt; padding: 0pt 0pt 12pt 0pt;\"><span style=\"font-size: 12pt; font-family: Arial; color: #332c4c; background-color: transparent; font-weight: 400; font-style: normal; font-variant: normal; text-decoration: none; vertical-align: baseline; white-space: pre-wrap;\">Szervezet statisztikai sz\u00e1mjele: 19064934-9499-569-01<\/span><\/p><p dir=\"ltr\" style=\"line-height: 1.38; background-color: #ffffff; margin-top: 0pt; margin-bottom: 0pt; padding: 0pt 0pt 12pt 0pt;\"><span style=\"font-size: 12pt; font-family: Arial; color: #332c4c; background-color: transparent; font-weight: 400; font-style: normal; font-variant: normal; text-decoration: none; vertical-align: baseline; white-space: pre-wrap;\">K\u00f6z\u00e9rdek\u0171 \u00f6nk\u00e9ntes tev\u00e9kenys\u00e9get folytat\u00f3 szervezet: 11886<\/span><\/p><p dir=\"ltr\" style=\"line-height: 1.38; background-color: #ffffff; margin-top: 0pt; margin-bottom: 0pt; padding: 0pt 0pt 12pt 0pt;\"><span style=\"font-size: 12pt; font-family: Arial; color: #332c4c; background-color: transparent; font-weight: 400; font-style: normal; font-variant: normal; text-decoration: none; vertical-align: baseline; white-space: pre-wrap;\">Szervezet sz\u00e9khelye: HU-1126 Budapest, Tartsay Vilmos utca 14.<\/span><\/p><p dir=\"ltr\" style=\"line-height: 1.38; background-color: #ffffff; margin-top: 0pt; margin-bottom: 0pt; padding: 0pt 0pt 12pt 0pt;\"><span style=\"font-size: 12pt; font-family: Arial; color: #332c4c; background-color: transparent; font-weight: 400; font-style: normal; font-variant: normal; text-decoration: none; vertical-align: baseline; white-space: pre-wrap;\">Szervezet belf\u00f6ldi banksz\u00e1mla sz\u00e1ma: 11600006-00000000-99849643<\/span><\/p><p dir=\"ltr\" style=\"line-height: 1.38; background-color: #ffffff; margin-top: 0pt; margin-bottom: 0pt; padding: 0pt 0pt 12pt 0pt;\"><span style=\"font-size: 12pt; font-family: Arial; color: #332c4c; background-color: transparent; font-weight: bold; font-style: normal; font-variant: normal; text-decoration: none; vertical-align: baseline; white-space: pre-wrap;\">Okiratok:<\/span><\/p><p dir=\"ltr\" style=\"line-height: 1.38; background-color: #ffffff; margin-top: 0pt; margin-bottom: 0pt; padding: 0pt 0pt 12pt 0pt;\"><a href=\"https:\/\/livingwithoutthemoon.com\/images\/jogi_dokumentumok\/EESZEENA_Alapito_okirat.pdf\"><span style=\"font-size: 12pt; font-family: Arial; color: #332c4c; background-color: transparent; font-weight: 400; font-style: normal; font-variant: normal; text-decoration: none; vertical-align: baseline; white-space: pre-wrap;\">Alap\u00edt\u00f3 okirat\u00a0<\/span><\/a><\/p><p dir=\"ltr\" style=\"line-height: 1.38; background-color: #ffffff; margin-top: 0pt; margin-bottom: 0pt; padding: 0pt 0pt 12pt 0pt;\"><span style=\"font-size: 12pt; font-family: Arial; color: #332c4c; background-color: transparent; font-weight: bold; font-style: normal; font-variant: normal; text-decoration: none; vertical-align: baseline; white-space: pre-wrap;\">Jogi nyilatkozatok:<\/span><\/p><p dir=\"ltr\" style=\"line-height: 1.38; background-color: #ffffff; margin-top: 0pt; margin-bottom: 0pt; padding: 0pt 0pt 12pt 0pt;\"><a href=\"https:\/\/otto-voice.com\/media\/2023\/03\/GDPR_2023_3_23.pdf\"><span style=\"font-size: 12pt; font-family: Arial; color: #332c4c; background-color: transparent; font-weight: 400; font-style: normal; font-variant: normal; text-decoration: none; vertical-align: baseline; white-space: pre-wrap;\">Adatv\u00e9delmi szab\u00e1lyzat \u00e9s adattov\u00e1bb\u00edt\u00e1si t\u00e1j\u00e9koztat\u00f3<\/span><\/a><\/p><p dir=\"ltr\" style=\"line-height: 1.38; background-color: #ffffff; margin-top: 0pt; margin-bottom: 0pt; padding: 0pt 0pt 12pt 0pt;\"><span style=\"font-size: 12pt; font-family: Arial; color: #332c4c; background-color: transparent; font-weight: bold; font-style: normal; font-variant: normal; text-decoration: none; vertical-align: baseline; white-space: pre-wrap;\">Dokument\u00e1ci\u00f3i besz\u00e1mol\u00f3i, kurat\u00f3riumi \u00fcl\u00e9seinek jegyz\u0151k\u00f6nyvei az al\u00e1bbi oldalon olvashat\u00f3ak: www.livingwithoutthemoon.com\/hu\/<\/span><\/p><p dir=\"ltr\" style=\"line-height: 1.38; background-color: #ffffff; margin-top: 0pt; margin-bottom: 12pt;\"><span style=\"font-size: 12pt; font-family: Arial; color: #332c4c; background-color: transparent; font-weight: 400; font-style: normal; font-variant: normal; text-decoration: none; vertical-align: baseline; white-space: pre-wrap;\">Tartalmi szerz\u0151 \u00e9s szerkeszt\u0151: Nhancale Zsuzsanna R\u00f3zsa<\/span><\/p><div><span style=\"font-size: 12pt; font-family: Arial; color: #332c4c; background-color: transparent; font-weight: 400; font-style: normal; font-variant: normal; text-decoration: none; vertical-align: baseline; white-space: pre-wrap;\">\u00a0<\/span><\/div>\t\t\t\t\t\t<\/div>\n\t\t\t\t<\/div>\n\t\t\t\t<\/div>\n\t\t<div class=\"elementor-element elementor-element-324f5d7 e-con-full e-con\" data-id=\"324f5d7\" data-element_type=\"container\" data-settings=\"{&quot;content_width&quot;:&quot;full&quot;}\">\n\t\t\t\t<\/div>\n\t\t\t\t\t<\/div>\n\t\t\t\t<\/div>\n\t\t\t\t\t\t\t<\/div>\n\t\t","protected":false},"excerpt":{"rendered":"<p>Impresszum Nhancale Zsuzsanna R\u00f3zsa, tudom\u00e1nyos kutat\u00f3, andrag\u00f3gus, az Otto Voice program fejleszt\u0151je. Az Otto Voice hangj\u00e1t\u00e9k sorozat az \u00c9lni \u00e9s szeretni \u00e9desanya\/\u00e9desapa n\u00e9lk\u00fcl nemzetk\u00f6zi alap\u00edtv\u00e1nycsal\u00e1d r\u00e9sze.\u00a0 A saj\u00e1t hangodon \u00e9nekelni, \u00e9s kifejez\u0151, fordulatos hangs\u00fallyal mes\u00e9t olvasni a gyermekednek meghat\u00e1roz\u00f3 k\u00f6z\u00f6s \u00e9lm\u00e9ny, a magzati kort\u00f3l a gyermekkor v\u00e9g\u00e9ig. Id\u0151takar\u00e9kosan alkalmazhat\u00f3, hangalap\u00fa \u00fatmutat\u00f3kkal seg\u00edtj\u00fck a csal\u00e1dokat abban, [&hellip;]<\/p>\n","protected":false},"author":1,"featured_media":0,"parent":0,"menu_order":0,"comment_status":"closed","ping_status":"closed","template":"elementor_header_footer","meta":{"_seopress_robots_primary_cat":"","inline_featured_image":false,"footnotes":""},"class_list":["post-37","page","type-page","status-publish","hentry"],"_links":{"self":[{"href":"https:\/\/otto-voice.com\/hu\/wp-json\/wp\/v2\/pages\/37","targetHints":{"allow":["GET"]}}],"collection":[{"href":"https:\/\/otto-voice.com\/hu\/wp-json\/wp\/v2\/pages"}],"about":[{"href":"https:\/\/otto-voice.com\/hu\/wp-json\/wp\/v2\/types\/page"}],"author":[{"embeddable":true,"href":"https:\/\/otto-voice.com\/hu\/wp-json\/wp\/v2\/users\/1"}],"replies":[{"embeddable":true,"href":"https:\/\/otto-voice.com\/hu\/wp-json\/wp\/v2\/comments?post=37"}],"version-history":[{"count":19,"href":"https:\/\/otto-voice.com\/hu\/wp-json\/wp\/v2\/pages\/37\/revisions"}],"predecessor-version":[{"id":775,"href":"https:\/\/otto-voice.com\/hu\/wp-json\/wp\/v2\/pages\/37\/revisions\/775"}],"wp:attachment":[{"href":"https:\/\/otto-voice.com\/hu\/wp-json\/wp\/v2\/media?parent=37"}],"curies":[{"name":"wp","href":"https:\/\/api.w.org\/{rel}","templated":true}]}}