{"id":43,"date":"2023-02-08T18:04:50","date_gmt":"2023-02-08T17:04:50","guid":{"rendered":"http:\/\/otto-voice.com\/?page_id=43"},"modified":"2023-02-27T08:31:42","modified_gmt":"2023-02-27T07:31:42","slug":"rosasusannanhancale","status":"publish","type":"page","link":"https:\/\/otto-voice.com\/hu\/rosasusannanhancale\/","title":{"rendered":"By Rosa"},"content":{"rendered":"\t\t<div data-elementor-type=\"wp-page\" data-elementor-id=\"43\" class=\"elementor elementor-43\">\n\t\t\t\t\t\t\t<div class=\"elementor-element elementor-element-10cfb53 e-con-boxed e-con\" data-id=\"10cfb53\" data-element_type=\"container\" data-settings=\"{&quot;content_width&quot;:&quot;boxed&quot;}\">\n\t\t\t\t\t<div class=\"e-con-inner\">\n\t\t<div class=\"elementor-element elementor-element-b76b60e e-con-full e-con\" data-id=\"b76b60e\" data-element_type=\"container\" data-settings=\"{&quot;content_width&quot;:&quot;full&quot;}\">\n\t\t\t\t<div class=\"elementor-element elementor-element-90dfde6 elementor-widget elementor-widget-heading\" data-id=\"90dfde6\" data-element_type=\"widget\" data-widget_type=\"heading.default\">\n\t\t\t\t<div class=\"elementor-widget-container\">\n\t\t\t<style>\/*! elementor - v3.12.0 - 29-03-2023 *\/\n.elementor-heading-title{padding:0;margin:0;line-height:1}.elementor-widget-heading .elementor-heading-title[class*=elementor-size-]>a{color:inherit;font-size:inherit;line-height:inherit}.elementor-widget-heading .elementor-heading-title.elementor-size-small{font-size:15px}.elementor-widget-heading .elementor-heading-title.elementor-size-medium{font-size:19px}.elementor-widget-heading .elementor-heading-title.elementor-size-large{font-size:29px}.elementor-widget-heading .elementor-heading-title.elementor-size-xl{font-size:39px}.elementor-widget-heading .elementor-heading-title.elementor-size-xxl{font-size:59px}<\/style><h1 class=\"elementor-heading-title elementor-size-default\">otto voice by r\u00f3zsa<\/h1>\t\t<\/div>\n\t\t\t\t<\/div>\n\t\t\t\t<div class=\"elementor-element elementor-element-a5b70f0 elementor-widget elementor-widget-text-editor\" data-id=\"a5b70f0\" data-element_type=\"widget\" data-widget_type=\"text-editor.default\">\n\t\t\t\t<div class=\"elementor-widget-container\">\n\t\t\t<style>\/*! elementor - v3.12.0 - 29-03-2023 *\/\n.elementor-widget-text-editor.elementor-drop-cap-view-stacked .elementor-drop-cap{background-color:#69727d;color:#fff}.elementor-widget-text-editor.elementor-drop-cap-view-framed .elementor-drop-cap{color:#69727d;border:3px solid;background-color:transparent}.elementor-widget-text-editor:not(.elementor-drop-cap-view-default) .elementor-drop-cap{margin-top:8px}.elementor-widget-text-editor:not(.elementor-drop-cap-view-default) .elementor-drop-cap-letter{width:1em;height:1em}.elementor-widget-text-editor .elementor-drop-cap{float:left;text-align:center;line-height:1;font-size:50px}.elementor-widget-text-editor .elementor-drop-cap-letter{display:inline-block}<\/style>\t\t\t\t<p><span style=\"font-weight: 400;\">2009 \u00f3ta foglalkozom fiatal csal\u00e1doknak sz\u00f3l\u00f3 oktat\u00f3anyagok fejleszt\u00e9s\u00e9vel. Ezek a hangz\u00f3, vide\u00f3s vagy \u00edr\u00e1sos ismeretb\u0151v\u00edt\u0151k a zen\u00e9vel \u00e9s a hangad\u00e1ssal kapcsolatosak. Az emberi \u00e9s a zenei hangot v\u00e1lasztottam eszk\u00f6zk\u00e9nt arra, olyan t\u00e1mogat\u00e1st adhass te sz\u00fcl\u0151k\u00e9nt, nagysz\u00fcl\u0151k\u00e9nt, nevel\u0151k\u00e9nt, ami term\u00e9szetes forr\u00e1sb\u00f3l \u00e9rkezik, k\u00f6nnyen \u00e9s id\u0151takar\u00e9kosan elsaj\u00e1t\u00edthat\u00f3, \u00e9s j\u00f3l illeszkedik a h\u00e9tk\u00f6znapokba, a vid\u00e1m \u00e9s a nagyon neh\u00e9z \u00e9lethelyzetekben is.<\/span><\/p><p><span style=\"font-weight: 400;\">Az <\/span><i><span style=\"font-weight: 400;\">\u00c9lni \u00e9s szeretni \u00e9desanya\/\u00e9desapa n\u00e9lk\u00fcl alap\u00edtv\u00e1ny<\/span><\/i><span style=\"font-weight: 400;\"> 2009 \u00f3ta egy nagy vesztes\u00e9g \u00e9rzelmi feldolgoz\u00e1s k\u00f6r\u00e9 szervez\u0151dik, \u00e9s az \u00e9vek sor\u00e1n eur\u00f3pai sz\u00ednvonal\u00fa t\u00e1mogat\u00f3ja lett a f\u00e9l\u00e1rva gyermeket nevel\u0151 csal\u00e1doknak. A <\/span><i><span style=\"font-weight: 400;\">Kezetek zen\u00e9je rendszer<\/span><\/i><span style=\"font-weight: 400;\"> k\u00f6zel 75 gyermekkori \u00e9rzelmi \u00e9s fizikai neh\u00e9zs\u00e9gre adott szakszer\u0171 \u00e9s tudom\u00e1nyosan igazolt v\u00e1laszul, k\u00e9pes kitart\u00f3 t\u00e1maszk\u00e9nt zenei gy\u0171jtem\u00e9nyekkel szolg\u00e1lni a gyerekek k\u00f6z\u00e9rzet\u00e9t.\u00a0<\/span><\/p><p><b>Mindehhez kapcsol\u00f3dik 2023 tavasz\u00e1n az Otto Voice program, amit a saj\u00e1t v\u00e1rand\u00f3ss\u00e1gom sor\u00e1n \u00e1t\u00e9lt tapasztalatok ihlettek, \u00e9s Ott\u00f3 fiunk sz\u00fclet\u00e9se inspir\u00e1lt. Szerettem volna a lehet\u0151 legjobb m\u00f3don, hangj\u00e1t\u00e9kokkal el\u00e9rhet\u0151v\u00e9 tenni mindazt, amit az \u00e9vek sor\u00e1n a gyermek \u00e9s az emberi hang kapcsolatr\u00f3l tanultam, hogy arra biztassam a kisgyermekr\u0151l gondoskod\u00f3 feln\u0151tteket, hogy a hangad\u00e1s k\u00e9pess\u00e9g\u00e9nek b\u0151v\u00edt\u00e9se m\u00e9rhetetlen \u00e9rzelmi er\u0151forr\u00e1s a gyermek\u00fcknek.<\/b><\/p><p><span style=\"font-weight: 400;\">A hangj\u00e1t\u00e9k form\u00e1tum abban t\u00e1mogat titeket, hogy k\u00f6nnyed\u00e9n szerezz\u00e9tek meg ezeket az ismereteket \u00f6nmagatokr\u00f3l \u00e9s a gyermekeinkr\u0151l \u00e9s \u00fagy alkalmazz\u00e1tok, ahogy nektek a legjobb. Mindez arra eml\u00e9keztet majd, milyen sok mindent ny\u00fajthatsz a gyermekednek, minim\u00e1lis er\u0151forr\u00e1sb\u00f3l, m\u00e9gis \u00f3ri\u00e1si \u00e9rzelmi el\u0151ny\u00f6ket biztos\u00edtva neki.<\/span><\/p><p>\u00a0<\/p><p><em><span style=\"font-weight: 400;\">Nhancale Zsuzsanna R\u00f3zsa, tudom\u00e1nyos kutat\u00f3, andrag\u00f3gus, az Otto Voice program fejleszt\u0151je<\/span><\/em><\/p>\t\t\t\t\t\t<\/div>\n\t\t\t\t<\/div>\n\t\t\t\t<\/div>\n\t\t<div class=\"elementor-element elementor-element-03401b8 e-con-full e-con\" data-id=\"03401b8\" data-element_type=\"container\" data-settings=\"{&quot;content_width&quot;:&quot;full&quot;}\">\n\t\t\t\t<div class=\"elementor-element elementor-element-7ab0ff8 elementor-widget elementor-widget-image\" data-id=\"7ab0ff8\" data-element_type=\"widget\" data-widget_type=\"image.default\">\n\t\t\t\t<div class=\"elementor-widget-container\">\n\t\t\t<style>\/*! elementor - v3.12.0 - 29-03-2023 *\/\n.elementor-widget-image{text-align:center}.elementor-widget-image a{display:inline-block}.elementor-widget-image a img[src$=\".svg\"]{width:48px}.elementor-widget-image img{vertical-align:middle;display:inline-block}<\/style>\t\t\t\t\t\t\t\t\t\t\t\t<img loading=\"lazy\" decoding=\"async\" width=\"800\" height=\"700\" src=\"https:\/\/otto-voice.com\/media\/2023\/02\/R_10-1024x896.jpg\" class=\"attachment-large size-large wp-image-431\" alt=\"\" srcset=\"https:\/\/otto-voice.com\/media\/2023\/02\/R_10-1024x896.jpg 1024w, https:\/\/otto-voice.com\/media\/2023\/02\/R_10-300x262.jpg 300w, https:\/\/otto-voice.com\/media\/2023\/02\/R_10-768x672.jpg 768w, https:\/\/otto-voice.com\/media\/2023\/02\/R_10-1536x1344.jpg 1536w, https:\/\/otto-voice.com\/media\/2023\/02\/R_10-2048x1791.jpg 2048w, https:\/\/otto-voice.com\/media\/2023\/02\/R_10-14x12.jpg 14w, https:\/\/otto-voice.com\/media\/2023\/02\/R_10-scaled.jpg 1920w\" sizes=\"auto, (max-width: 800px) 100vw, 800px\" \/>\t\t\t\t\t\t\t\t\t\t\t\t\t\t\t<\/div>\n\t\t\t\t<\/div>\n\t\t\t\t<\/div>\n\t\t\t\t\t<\/div>\n\t\t\t\t<\/div>\n\t\t\t\t\t\t\t<\/div>\n\t\t","protected":false},"excerpt":{"rendered":"<p>otto voice by r\u00f3zsa 2009 \u00f3ta foglalkozom fiatal csal\u00e1doknak sz\u00f3l\u00f3 oktat\u00f3anyagok fejleszt\u00e9s\u00e9vel. Ezek a hangz\u00f3, vide\u00f3s vagy \u00edr\u00e1sos ismeretb\u0151v\u00edt\u0151k a zen\u00e9vel \u00e9s a hangad\u00e1ssal kapcsolatosak. Az emberi \u00e9s a zenei hangot v\u00e1lasztottam eszk\u00f6zk\u00e9nt arra, olyan t\u00e1mogat\u00e1st adhass te sz\u00fcl\u0151k\u00e9nt, nagysz\u00fcl\u0151k\u00e9nt, nevel\u0151k\u00e9nt, ami term\u00e9szetes forr\u00e1sb\u00f3l \u00e9rkezik, k\u00f6nnyen \u00e9s id\u0151takar\u00e9kosan elsaj\u00e1t\u00edthat\u00f3, \u00e9s j\u00f3l illeszkedik a h\u00e9tk\u00f6znapokba, a [&hellip;]<\/p>\n","protected":false},"author":1,"featured_media":0,"parent":0,"menu_order":0,"comment_status":"closed","ping_status":"closed","template":"elementor_header_footer","meta":{"_seopress_robots_primary_cat":"","inline_featured_image":false,"footnotes":""},"class_list":["post-43","page","type-page","status-publish","hentry"],"_links":{"self":[{"href":"https:\/\/otto-voice.com\/hu\/wp-json\/wp\/v2\/pages\/43","targetHints":{"allow":["GET"]}}],"collection":[{"href":"https:\/\/otto-voice.com\/hu\/wp-json\/wp\/v2\/pages"}],"about":[{"href":"https:\/\/otto-voice.com\/hu\/wp-json\/wp\/v2\/types\/page"}],"author":[{"embeddable":true,"href":"https:\/\/otto-voice.com\/hu\/wp-json\/wp\/v2\/users\/1"}],"replies":[{"embeddable":true,"href":"https:\/\/otto-voice.com\/hu\/wp-json\/wp\/v2\/comments?post=43"}],"version-history":[{"count":42,"href":"https:\/\/otto-voice.com\/hu\/wp-json\/wp\/v2\/pages\/43\/revisions"}],"predecessor-version":[{"id":751,"href":"https:\/\/otto-voice.com\/hu\/wp-json\/wp\/v2\/pages\/43\/revisions\/751"}],"wp:attachment":[{"href":"https:\/\/otto-voice.com\/hu\/wp-json\/wp\/v2\/media?parent=43"}],"curies":[{"name":"wp","href":"https:\/\/api.w.org\/{rel}","templated":true}]}}