{"id":88,"date":"2023-02-09T12:59:46","date_gmt":"2023-02-09T11:59:46","guid":{"rendered":"http:\/\/otto-voice.com\/?page_id=88"},"modified":"2023-03-30T15:10:12","modified_gmt":"2023-03-30T13:10:12","slug":"fooldal","status":"publish","type":"page","link":"https:\/\/otto-voice.com\/hu\/","title":{"rendered":"F\u0151oldal"},"content":{"rendered":"\t\t<div data-elementor-type=\"wp-page\" data-elementor-id=\"88\" class=\"elementor elementor-88\">\n\t\t\t\t\t\t\t<div class=\"elementor-element elementor-element-76cac21 e-con-boxed e-con\" data-id=\"76cac21\" data-element_type=\"container\" data-settings=\"{&quot;background_background&quot;:&quot;classic&quot;,&quot;content_width&quot;:&quot;boxed&quot;}\">\n\t\t\t\t\t<div class=\"e-con-inner\">\n\t\t<div class=\"elementor-element elementor-element-d401408 e-con-full e-con\" data-id=\"d401408\" data-element_type=\"container\" data-settings=\"{&quot;content_width&quot;:&quot;full&quot;}\">\n\t\t\t\t<div class=\"elementor-element elementor-element-e7dc823 elementor-widget elementor-widget-heading\" data-id=\"e7dc823\" data-element_type=\"widget\" data-widget_type=\"heading.default\">\n\t\t\t\t<div class=\"elementor-widget-container\">\n\t\t\t<style>\/*! elementor - v3.12.0 - 29-03-2023 *\/\n.elementor-heading-title{padding:0;margin:0;line-height:1}.elementor-widget-heading .elementor-heading-title[class*=elementor-size-]>a{color:inherit;font-size:inherit;line-height:inherit}.elementor-widget-heading .elementor-heading-title.elementor-size-small{font-size:15px}.elementor-widget-heading .elementor-heading-title.elementor-size-medium{font-size:19px}.elementor-widget-heading .elementor-heading-title.elementor-size-large{font-size:29px}.elementor-widget-heading .elementor-heading-title.elementor-size-xl{font-size:39px}.elementor-widget-heading .elementor-heading-title.elementor-size-xxl{font-size:59px}<\/style><h1 class=\"elementor-heading-title elementor-size-default\">Emberi hang<\/br>a kezdetekt\u0151l<\/h1>\t\t<\/div>\n\t\t\t\t<\/div>\n\t\t\t\t<div class=\"elementor-element elementor-element-1fae8c2 elementor-align-justify elementor-widget elementor-widget-button\" data-id=\"1fae8c2\" data-element_type=\"widget\" data-widget_type=\"button.default\">\n\t\t\t\t<div class=\"elementor-widget-container\">\n\t\t\t\t\t<div class=\"elementor-button-wrapper\">\n\t\t\t<a href=\"https:\/\/otto-voice.com\/hu\/feliratkozas\/\" class=\"elementor-button-link elementor-button elementor-size-sm\" role=\"button\">\n\t\t\t\t\t\t<span class=\"elementor-button-content-wrapper\">\n\t\t\t\t\t\t<span class=\"elementor-button-text\">K\u00e9rem a hanganyag-sorozat els\u0151 r\u00e9sz\u00e9t!<\/span>\n\t\t<\/span>\n\t\t\t\t\t<\/a>\n\t\t<\/div>\n\t\t\t\t<\/div>\n\t\t\t\t<\/div>\n\t\t\t\t<\/div>\n\t\t\t\t\t<\/div>\n\t\t\t\t<\/div>\n\t\t<div class=\"elementor-element elementor-element-abd9998 e-con-boxed e-con\" data-id=\"abd9998\" data-element_type=\"container\" data-settings=\"{&quot;content_width&quot;:&quot;boxed&quot;}\">\n\t\t\t\t\t<div class=\"e-con-inner\">\n\t\t\t\t<div class=\"elementor-element elementor-element-ad1cae4 elementor-widget elementor-widget-text-editor\" data-id=\"ad1cae4\" data-element_type=\"widget\" data-widget_type=\"text-editor.default\">\n\t\t\t\t<div class=\"elementor-widget-container\">\n\t\t\t<style>\/*! elementor - v3.12.0 - 29-03-2023 *\/\n.elementor-widget-text-editor.elementor-drop-cap-view-stacked .elementor-drop-cap{background-color:#69727d;color:#fff}.elementor-widget-text-editor.elementor-drop-cap-view-framed .elementor-drop-cap{color:#69727d;border:3px solid;background-color:transparent}.elementor-widget-text-editor:not(.elementor-drop-cap-view-default) .elementor-drop-cap{margin-top:8px}.elementor-widget-text-editor:not(.elementor-drop-cap-view-default) .elementor-drop-cap-letter{width:1em;height:1em}.elementor-widget-text-editor .elementor-drop-cap{float:left;text-align:center;line-height:1;font-size:50px}.elementor-widget-text-editor .elementor-drop-cap-letter{display:inline-block}<\/style>\t\t\t\t<p><strong>A saj\u00e1t hangodon \u00e9nekelni, \u00e9s kifejez\u0151, fordulatos hangs\u00fallyal mes\u00e9t olvasni a gyermekednek meghat\u00e1roz\u00f3 k\u00f6z\u00f6s \u00e9lm\u00e9ny, a magzati kort\u00f3l a gyermekkor v\u00e9g\u00e9ig.<\/strong><\/p><p><strong>Id\u0151takar\u00e9kosan alkalmazhat\u00f3, hangalap\u00fa \u00fatmutat\u00f3kkal seg\u00edtj\u00fck a csal\u00e1dokat abban, hogy be\u00e9p\u00edthess\u00e9k mindezt a gyerekek h\u00e9tk\u00f6znapjaiba. Az emberi hanggal szerzett \u00e9lm\u00e9nyek, a neh\u00e9z gyermekkori helyzetekkel val\u00f3 megk\u00fczd\u00e9st seg\u00edtik \u00e9s biztons\u00e1g\u00e9rzet alapj\u00e1t adj\u00e1k &#8211; \u00f6r\u00f6kre.<\/strong><\/p><p>Rosa Susanna Nhancale,<br \/>kutat\u00f3, zenei kur\u00e1tor<\/p>\t\t\t\t\t\t<\/div>\n\t\t\t\t<\/div>\n\t\t\t\t\t<\/div>\n\t\t\t\t<\/div>\n\t\t\t\t\t\t\t<\/div>\n\t\t","protected":false},"excerpt":{"rendered":"<p>Emberi hanga kezdetekt\u0151l K\u00e9rem a hanganyag-sorozat els\u0151 r\u00e9sz\u00e9t! A saj\u00e1t hangodon \u00e9nekelni, \u00e9s kifejez\u0151, fordulatos hangs\u00fallyal mes\u00e9t olvasni a gyermekednek meghat\u00e1roz\u00f3 k\u00f6z\u00f6s \u00e9lm\u00e9ny, a magzati kort\u00f3l a gyermekkor v\u00e9g\u00e9ig. Id\u0151takar\u00e9kosan alkalmazhat\u00f3, hangalap\u00fa \u00fatmutat\u00f3kkal seg\u00edtj\u00fck a csal\u00e1dokat abban, hogy be\u00e9p\u00edthess\u00e9k mindezt a gyerekek h\u00e9tk\u00f6znapjaiba. Az emberi hanggal szerzett \u00e9lm\u00e9nyek, a neh\u00e9z gyermekkori helyzetekkel val\u00f3 megk\u00fczd\u00e9st seg\u00edtik [&hellip;]<\/p>\n","protected":false},"author":1,"featured_media":0,"parent":0,"menu_order":0,"comment_status":"closed","ping_status":"closed","template":"elementor_header_footer","meta":{"_seopress_robots_primary_cat":"","inline_featured_image":false,"footnotes":""},"class_list":["post-88","page","type-page","status-publish","hentry"],"_links":{"self":[{"href":"https:\/\/otto-voice.com\/hu\/wp-json\/wp\/v2\/pages\/88","targetHints":{"allow":["GET"]}}],"collection":[{"href":"https:\/\/otto-voice.com\/hu\/wp-json\/wp\/v2\/pages"}],"about":[{"href":"https:\/\/otto-voice.com\/hu\/wp-json\/wp\/v2\/types\/page"}],"author":[{"embeddable":true,"href":"https:\/\/otto-voice.com\/hu\/wp-json\/wp\/v2\/users\/1"}],"replies":[{"embeddable":true,"href":"https:\/\/otto-voice.com\/hu\/wp-json\/wp\/v2\/comments?post=88"}],"version-history":[{"count":138,"href":"https:\/\/otto-voice.com\/hu\/wp-json\/wp\/v2\/pages\/88\/revisions"}],"predecessor-version":[{"id":779,"href":"https:\/\/otto-voice.com\/hu\/wp-json\/wp\/v2\/pages\/88\/revisions\/779"}],"wp:attachment":[{"href":"https:\/\/otto-voice.com\/hu\/wp-json\/wp\/v2\/media?parent=88"}],"curies":[{"name":"wp","href":"https:\/\/api.w.org\/{rel}","templated":true}]}}